{"id":97,"date":"2014-03-15T13:45:14","date_gmt":"2014-03-15T11:45:14","guid":{"rendered":"http:\/\/3dmons.com\/?page_id=97"},"modified":"2023-04-24T21:07:21","modified_gmt":"2023-04-24T19:07:21","slug":"presentacion","status":"publish","type":"page","link":"https:\/\/3dmons.com\/?page_id=97","title":{"rendered":"Presentaci\u00f3n"},"content":{"rendered":"<p>Saludos. Soy Jacob Garc\u00eda G\u00f3mez, artista digital dedicado a la formaci\u00f3n.<\/p>\n<p>Gracias por visitar este espacio, donde se puede apreciar el fruto de nuestro trabajo. La m\u00e1xima pretensi\u00f3n de cualquier artista es la de poder comunicar a trav\u00e9s de su obra, y para que se produzca una comunicaci\u00f3n inevitablemente tiene que haber un receptor. As\u00ed que para nosotros es un verdadero placer recibir visitas.<\/p>\n<p>Los proyectos aqu\u00ed expuestos son fruto del trabajo realizado junto con mis compa\u00f1eros, a los que desde aqu\u00ed agradezco la dedicaci\u00f3n y pasi\u00f3n que han puesto en dichos trabajos. Sacar adelante un proyecto nunca es tarea f\u00e1cil, pero con compa\u00f1eros as\u00ed es una labor mucho m\u00e1s gratificante, espero poder trabajar a su lado mucho tiempo y seguir aprendiendo de ellos cada d\u00eda.<\/p>\n<p>Saludos y gracias por visitarnos.<\/p>\n","protected":false},"excerpt":{"rendered":"<p> ...<\/p>","protected":false},"author":1,"featured_media":0,"parent":0,"menu_order":0,"comment_status":"closed","ping_status":"open","template":"","meta":{"footnotes":""},"class_list":["post-97","page","type-page","status-publish","hentry"],"_links":{"self":[{"href":"https:\/\/3dmons.com\/index.php?rest_route=\/wp\/v2\/pages\/97","targetHints":{"allow":["GET"]}}],"collection":[{"href":"https:\/\/3dmons.com\/index.php?rest_route=\/wp\/v2\/pages"}],"about":[{"href":"https:\/\/3dmons.com\/index.php?rest_route=\/wp\/v2\/types\/page"}],"author":[{"embeddable":true,"href":"https:\/\/3dmons.com\/index.php?rest_route=\/wp\/v2\/users\/1"}],"replies":[{"embeddable":true,"href":"https:\/\/3dmons.com\/index.php?rest_route=%2Fwp%2Fv2%2Fcomments&post=97"}],"version-history":[{"count":5,"href":"https:\/\/3dmons.com\/index.php?rest_route=\/wp\/v2\/pages\/97\/revisions"}],"predecessor-version":[{"id":183,"href":"https:\/\/3dmons.com\/index.php?rest_route=\/wp\/v2\/pages\/97\/revisions\/183"}],"wp:attachment":[{"href":"https:\/\/3dmons.com\/index.php?rest_route=%2Fwp%2Fv2%2Fmedia&parent=97"}],"curies":[{"name":"wp","href":"https:\/\/api.w.org\/{rel}","templated":true}]}}