{"id":19,"date":"2012-10-11T18:02:51","date_gmt":"2012-10-11T18:02:51","guid":{"rendered":"http:\/\/3dmons.com\/?page_id=19"},"modified":"2023-04-24T21:08:09","modified_gmt":"2023-04-24T19:08:09","slug":"arquitectura","status":"publish","type":"page","link":"https:\/\/3dmons.com\/?page_id=19","title":{"rendered":"Casa con Tres Patios"},"content":{"rendered":"<p>Proyecto de investigaci\u00f3n arquitect\u00f3nica y fotograf\u00eda virtual realizado junto a Jos\u00e9 Jara\u00edz.<\/p>\n<p><iframe loading=\"lazy\" src=\"\/\/player.vimeo.com\/video\/89203151\" width=\"500\" height=\"281\" frameborder=\"0\" webkitallowfullscreen=\"\" mozallowfullscreen=\"\" allowfullscreen=\"\"><\/iframe><\/p>\n<p><a href=\"http:\/\/vimeo.com\/89203151\">tres patios<\/a> from <a href=\"http:\/\/vimeo.com\/user25642247\">Jacob Garc\u00eda G\u00f3mez<\/a> on <a href=\"https:\/\/vimeo.com\">Vimeo<\/a>.<\/p>\n","protected":false},"excerpt":{"rendered":"<p> ...<\/p>","protected":false},"author":1,"featured_media":0,"parent":0,"menu_order":0,"comment_status":"closed","ping_status":"open","template":"template-gallery-4.php","meta":{"footnotes":""},"class_list":["post-19","page","type-page","status-publish","hentry"],"_links":{"self":[{"href":"https:\/\/3dmons.com\/index.php?rest_route=\/wp\/v2\/pages\/19","targetHints":{"allow":["GET"]}}],"collection":[{"href":"https:\/\/3dmons.com\/index.php?rest_route=\/wp\/v2\/pages"}],"about":[{"href":"https:\/\/3dmons.com\/index.php?rest_route=\/wp\/v2\/types\/page"}],"author":[{"embeddable":true,"href":"https:\/\/3dmons.com\/index.php?rest_route=\/wp\/v2\/users\/1"}],"replies":[{"embeddable":true,"href":"https:\/\/3dmons.com\/index.php?rest_route=%2Fwp%2Fv2%2Fcomments&post=19"}],"version-history":[{"count":5,"href":"https:\/\/3dmons.com\/index.php?rest_route=\/wp\/v2\/pages\/19\/revisions"}],"predecessor-version":[{"id":184,"href":"https:\/\/3dmons.com\/index.php?rest_route=\/wp\/v2\/pages\/19\/revisions\/184"}],"wp:attachment":[{"href":"https:\/\/3dmons.com\/index.php?rest_route=%2Fwp%2Fv2%2Fmedia&parent=19"}],"curies":[{"name":"wp","href":"https:\/\/api.w.org\/{rel}","templated":true}]}}